{"id":51,"date":"2012-04-22T22:10:19","date_gmt":"2012-04-22T21:10:19","guid":{"rendered":"http:\/\/radioluna.iesalbarregas.com\/?page_id=51"},"modified":"2012-07-30T16:24:55","modified_gmt":"2012-07-30T15:24:55","slug":"quienes-somos","status":"publish","type":"page","link":"http:\/\/radioluna.iesalbarregas.com\/?page_id=51","title":{"rendered":"Qui\u00e9nes somos"},"content":{"rendered":"<div>\n<p style=\"text-align: justify;\"><em><strong>RadioLuna<\/strong><\/em> es un proyecto educativo del <em><strong><a href=\"http:\/\/iesalbarregas.juntaextremadura.net\/\">I.E.S. Albarregas<\/a><\/strong><\/em> de M\u00e9rida (Extremadura, Espa\u00f1a). El objetivo es crear un medio de comunicaci\u00f3n que gestionen los propios alumnos, tanto en el contenido como en los aspectos t\u00e9cnicos. Desde el punto de vista did\u00e1ctico, qu\u00e9 duda cabe que se trata de una herramienta pedag\u00f3gica para que los alumnos aprendan a manejar informaci\u00f3n, tomen decisiones sobre qu\u00e9 contenidos difundir, trabajar en grupo, aprender el manejo de ciertos programas inform\u00e1ticos y, por qu\u00e9 no, pasar un buen rato las tardes que le dedican a hacer posible RadioLuna.<\/p>\n<p style=\"text-align: justify;\">Los programas de RadioLuna se pueden ver en la p\u00e1gina <a href=\"http:\/\/radioluna.iesalbarregas.com\/?page_id=2\">\u201c<strong>Programas emitidos<\/strong>\u201c<\/a>, en esta misma <em>web<\/em>.<\/p>\n<p style=\"text-align: justify;\">Su nombre procede de otra \u00e9poca, cuando se iniciaba el uso de internet en Espa\u00f1a, all\u00e1 por los noventa, y ya entonces un grupo de alumnas del centro crearon la primera Radio del centro por internet. Seg\u00fan ellas, igual que la Luna es visible siempre desde alg\u00fan lado del planeta, a trav\u00e9s de internet su radio tambi\u00e9n ser\u00eda o\u00edda desde cualquier punto de la Tierra\u2026 Y as\u00ed naci\u00f3 el nombre que, en esta segunda etapa, los alumnos han decidido mantener. Eso s\u00ed, en esta etapa el componente visual es mayor, incluyendo v\u00eddeo. Cosas de internet.<\/p>\n<p style=\"text-align: justify;\">RadioLuna lo hacen posible, entre otros, Lidia, Pilar, Cecilia y Mar (3\u00ba de ESO-A) y Paula (3\u00ba de ESO-B). Adem\u00e1s, la profesora Nines R\u00f3denas echa una mano (y un pie, y parte de otro, y&#8230;). Coordina Jes\u00fas, profe de C. Sociales.<br \/>\nQue lo disfrut\u00e9is.<\/p>\n<\/div>\n","protected":false},"excerpt":{"rendered":"<p>RadioLuna es un proyecto educativo del I.E.S. Albarregas de M\u00e9rida (Extremadura, Espa\u00f1a). El objetivo es crear un medio de comunicaci\u00f3n que gestionen los propios alumnos, tanto en el contenido como en los aspectos t\u00e9cnicos. Desde el punto de vista did\u00e1ctico, &hellip; <a href=\"http:\/\/radioluna.iesalbarregas.com\/?page_id=51\">Sigue leyendo <span class=\"meta-nav\">&rarr;<\/span><\/a><\/p>\n","protected":false},"author":1,"featured_media":0,"parent":0,"menu_order":4,"comment_status":"open","ping_status":"open","template":"","meta":[],"_links":{"self":[{"href":"http:\/\/radioluna.iesalbarregas.com\/index.php?rest_route=\/wp\/v2\/pages\/51"}],"collection":[{"href":"http:\/\/radioluna.iesalbarregas.com\/index.php?rest_route=\/wp\/v2\/pages"}],"about":[{"href":"http:\/\/radioluna.iesalbarregas.com\/index.php?rest_route=\/wp\/v2\/types\/page"}],"author":[{"embeddable":true,"href":"http:\/\/radioluna.iesalbarregas.com\/index.php?rest_route=\/wp\/v2\/users\/1"}],"replies":[{"embeddable":true,"href":"http:\/\/radioluna.iesalbarregas.com\/index.php?rest_route=%2Fwp%2Fv2%2Fcomments&post=51"}],"version-history":[{"count":3,"href":"http:\/\/radioluna.iesalbarregas.com\/index.php?rest_route=\/wp\/v2\/pages\/51\/revisions"}],"predecessor-version":[{"id":69,"href":"http:\/\/radioluna.iesalbarregas.com\/index.php?rest_route=\/wp\/v2\/pages\/51\/revisions\/69"}],"wp:attachment":[{"href":"http:\/\/radioluna.iesalbarregas.com\/index.php?rest_route=%2Fwp%2Fv2%2Fmedia&parent=51"}],"curies":[{"name":"wp","href":"https:\/\/api.w.org\/{rel}","templated":true}]}}